{"id":357,"date":"2019-10-16T08:40:57","date_gmt":"2019-10-16T08:40:57","guid":{"rendered":"https:\/\/klaar.me\/kontakt\/"},"modified":"2026-03-09T11:09:37","modified_gmt":"2026-03-09T11:09:37","slug":"contact","status":"publish","type":"page","link":"https:\/\/klaar.me\/en\/contact\/","title":{"rendered":"Contact"},"content":{"rendered":"\n<p class=\"has-medium-font-size\"><strong>Klaar.me Services O\u00dc<\/strong><\/p>\n\n\n\n<p class=\"has-black-color has-text-color has-link-color wp-elements-870df3644a828dffacd498c2bbe2a45d\" style=\"font-size:16px;letter-spacing:0px\">Address: Pille 9\/3-53, 10138 Tallinn<\/p>\n\n\n\n<p class=\"has-black-color has-text-color has-link-color wp-elements-0f3d93c98d2a356bd50dca55d7fe7010\" style=\"font-size:16px;letter-spacing:0px\">Phone: +372&nbsp;5663 1320<\/p>\n\n\n\n<p class=\"has-black-color has-text-color has-link-color wp-elements-cda6793d3d0fded231a8c76ddf85b6a9\" style=\"font-size:16px;letter-spacing:0px\">Email: hello@klaar.me<\/p>\n","protected":false},"excerpt":{"rendered":"<p>Klaar.me Services O\u00dc Address: Pille 9\/3-53, 10138 Tallinn Phone: +372&nbsp;5663 1320 Email: hello@klaar.me<\/p>\n","protected":false},"author":1,"featured_media":1481,"parent":0,"menu_order":0,"comment_status":"closed","ping_status":"closed","template":"template-contact.php","meta":{"_acf_changed":false,"footnotes":""},"class_list":["post-357","page","type-page","status-publish","has-post-thumbnail","hentry"],"acf":[],"yoast_head":"<!-- This site is optimized with the Yoast SEO plugin v27.3 - https:\/\/yoast.com\/product\/yoast-seo-wordpress\/ -->\n<title>Contact - klaar.me<\/title>\n<meta name=\"description\" content=\"Klaar.me pakub uudset raamatupidamisteenust ettev\u00f5ttele, kes otsib usaldusv\u00e4\u00e4rset, kaasam\u00f5tlevat ja kohanemisv\u00f5imelist finantspartnerit.\" \/>\n<meta name=\"robots\" content=\"index, follow, max-snippet:-1, max-image-preview:large, max-video-preview:-1\" \/>\n<link rel=\"canonical\" href=\"https:\/\/klaar.me\/en\/contact\/\" \/>\n<meta property=\"og:locale\" content=\"en_US\" \/>\n<meta property=\"og:type\" content=\"article\" \/>\n<meta property=\"og:title\" content=\"Contact - klaar.me\" \/>\n<meta property=\"og:description\" content=\"Klaar.me pakub uudset raamatupidamisteenust ettev\u00f5ttele, kes otsib usaldusv\u00e4\u00e4rset, kaasam\u00f5tlevat ja kohanemisv\u00f5imelist finantspartnerit.\" \/>\n<meta property=\"og:url\" content=\"https:\/\/klaar.me\/en\/contact\/\" \/>\n<meta property=\"og:site_name\" content=\"klaar.me\" \/>\n<meta property=\"article:publisher\" content=\"https:\/\/www.facebook.com\/klaar.me\" \/>\n<meta property=\"article:modified_time\" content=\"2026-03-09T11:09:37+00:00\" \/>\n<meta property=\"og:image\" content=\"https:\/\/klaar.me\/wp-content\/uploads\/2020\/09\/db_5_b-e1743154091272.jpg\" \/>\n\t<meta property=\"og:image:width\" content=\"2560\" \/>\n\t<meta property=\"og:image:height\" content=\"1200\" \/>\n\t<meta property=\"og:image:type\" content=\"image\/jpeg\" \/>\n<meta name=\"twitter:card\" content=\"summary_large_image\" \/>\n<meta name=\"twitter:label1\" content=\"Est. reading time\" \/>\n\t<meta name=\"twitter:data1\" content=\"1 minute\" \/>\n<script type=\"application\/ld+json\" class=\"yoast-schema-graph\">{\"@context\":\"https:\\\/\\\/schema.org\",\"@graph\":[{\"@type\":\"WebPage\",\"@id\":\"https:\\\/\\\/klaar.me\\\/en\\\/contact\\\/\",\"url\":\"https:\\\/\\\/klaar.me\\\/en\\\/contact\\\/\",\"name\":\"Contact - klaar.me\",\"isPartOf\":{\"@id\":\"https:\\\/\\\/klaar.me\\\/#website\"},\"primaryImageOfPage\":{\"@id\":\"https:\\\/\\\/klaar.me\\\/en\\\/contact\\\/#primaryimage\"},\"image\":{\"@id\":\"https:\\\/\\\/klaar.me\\\/en\\\/contact\\\/#primaryimage\"},\"thumbnailUrl\":\"https:\\\/\\\/klaar.me\\\/wp-content\\\/uploads\\\/2020\\\/09\\\/db_5_b-e1743154091272.jpg\",\"datePublished\":\"2019-10-16T08:40:57+00:00\",\"dateModified\":\"2026-03-09T11:09:37+00:00\",\"description\":\"Klaar.me pakub uudset raamatupidamisteenust ettev\u00f5ttele, kes otsib usaldusv\u00e4\u00e4rset, kaasam\u00f5tlevat ja kohanemisv\u00f5imelist finantspartnerit.\",\"breadcrumb\":{\"@id\":\"https:\\\/\\\/klaar.me\\\/en\\\/contact\\\/#breadcrumb\"},\"inLanguage\":\"en-US\",\"potentialAction\":[{\"@type\":\"ReadAction\",\"target\":[\"https:\\\/\\\/klaar.me\\\/en\\\/contact\\\/\"]}]},{\"@type\":\"ImageObject\",\"inLanguage\":\"en-US\",\"@id\":\"https:\\\/\\\/klaar.me\\\/en\\\/contact\\\/#primaryimage\",\"url\":\"https:\\\/\\\/klaar.me\\\/wp-content\\\/uploads\\\/2020\\\/09\\\/db_5_b-e1743154091272.jpg\",\"contentUrl\":\"https:\\\/\\\/klaar.me\\\/wp-content\\\/uploads\\\/2020\\\/09\\\/db_5_b-e1743154091272.jpg\",\"width\":2560,\"height\":1200},{\"@type\":\"BreadcrumbList\",\"@id\":\"https:\\\/\\\/klaar.me\\\/en\\\/contact\\\/#breadcrumb\",\"itemListElement\":[{\"@type\":\"ListItem\",\"position\":1,\"name\":\"Avaleht\",\"item\":\"https:\\\/\\\/klaar.me\\\/en\\\/\"},{\"@type\":\"ListItem\",\"position\":2,\"name\":\"Contact\"}]},{\"@type\":\"WebSite\",\"@id\":\"https:\\\/\\\/klaar.me\\\/#website\",\"url\":\"https:\\\/\\\/klaar.me\\\/\",\"name\":\"Klaar.me\",\"description\":\"Klaar.me\",\"publisher\":{\"@id\":\"https:\\\/\\\/klaar.me\\\/#organization\"},\"potentialAction\":[{\"@type\":\"SearchAction\",\"target\":{\"@type\":\"EntryPoint\",\"urlTemplate\":\"https:\\\/\\\/klaar.me\\\/?s={search_term_string}\"},\"query-input\":{\"@type\":\"PropertyValueSpecification\",\"valueRequired\":true,\"valueName\":\"search_term_string\"}}],\"inLanguage\":\"en-US\"},{\"@type\":\"Organization\",\"@id\":\"https:\\\/\\\/klaar.me\\\/#organization\",\"name\":\"Klaar.me\",\"url\":\"https:\\\/\\\/klaar.me\\\/\",\"logo\":{\"@type\":\"ImageObject\",\"inLanguage\":\"en-US\",\"@id\":\"https:\\\/\\\/klaar.me\\\/#\\\/schema\\\/logo\\\/image\\\/\",\"url\":\"https:\\\/\\\/www.klaar.me\\\/wp-content\\\/uploads\\\/2025\\\/07\\\/KLAAR-1.svg\",\"contentUrl\":\"https:\\\/\\\/www.klaar.me\\\/wp-content\\\/uploads\\\/2025\\\/07\\\/KLAAR-1.svg\",\"width\":150,\"height\":42,\"caption\":\"Klaar.me\"},\"image\":{\"@id\":\"https:\\\/\\\/klaar.me\\\/#\\\/schema\\\/logo\\\/image\\\/\"},\"sameAs\":[\"https:\\\/\\\/www.facebook.com\\\/klaar.me\",\"https:\\\/\\\/www.instagram.com\\\/klaar.me\",\"https:\\\/\\\/www.linkedin.com\\\/company\\\/klaar-me\\\/\"]}]}<\/script>\n<!-- \/ Yoast SEO plugin. -->","yoast_head_json":{"title":"Contact - klaar.me","description":"Klaar.me pakub uudset raamatupidamisteenust ettev\u00f5ttele, kes otsib usaldusv\u00e4\u00e4rset, kaasam\u00f5tlevat ja kohanemisv\u00f5imelist finantspartnerit.","robots":{"index":"index","follow":"follow","max-snippet":"max-snippet:-1","max-image-preview":"max-image-preview:large","max-video-preview":"max-video-preview:-1"},"canonical":"https:\/\/klaar.me\/en\/contact\/","og_locale":"en_US","og_type":"article","og_title":"Contact - klaar.me","og_description":"Klaar.me pakub uudset raamatupidamisteenust ettev\u00f5ttele, kes otsib usaldusv\u00e4\u00e4rset, kaasam\u00f5tlevat ja kohanemisv\u00f5imelist finantspartnerit.","og_url":"https:\/\/klaar.me\/en\/contact\/","og_site_name":"klaar.me","article_publisher":"https:\/\/www.facebook.com\/klaar.me","article_modified_time":"2026-03-09T11:09:37+00:00","og_image":[{"width":2560,"height":1200,"url":"https:\/\/klaar.me\/wp-content\/uploads\/2020\/09\/db_5_b-e1743154091272.jpg","type":"image\/jpeg"}],"twitter_card":"summary_large_image","twitter_misc":{"Est. reading time":"1 minute"},"schema":{"@context":"https:\/\/schema.org","@graph":[{"@type":"WebPage","@id":"https:\/\/klaar.me\/en\/contact\/","url":"https:\/\/klaar.me\/en\/contact\/","name":"Contact - klaar.me","isPartOf":{"@id":"https:\/\/klaar.me\/#website"},"primaryImageOfPage":{"@id":"https:\/\/klaar.me\/en\/contact\/#primaryimage"},"image":{"@id":"https:\/\/klaar.me\/en\/contact\/#primaryimage"},"thumbnailUrl":"https:\/\/klaar.me\/wp-content\/uploads\/2020\/09\/db_5_b-e1743154091272.jpg","datePublished":"2019-10-16T08:40:57+00:00","dateModified":"2026-03-09T11:09:37+00:00","description":"Klaar.me pakub uudset raamatupidamisteenust ettev\u00f5ttele, kes otsib usaldusv\u00e4\u00e4rset, kaasam\u00f5tlevat ja kohanemisv\u00f5imelist finantspartnerit.","breadcrumb":{"@id":"https:\/\/klaar.me\/en\/contact\/#breadcrumb"},"inLanguage":"en-US","potentialAction":[{"@type":"ReadAction","target":["https:\/\/klaar.me\/en\/contact\/"]}]},{"@type":"ImageObject","inLanguage":"en-US","@id":"https:\/\/klaar.me\/en\/contact\/#primaryimage","url":"https:\/\/klaar.me\/wp-content\/uploads\/2020\/09\/db_5_b-e1743154091272.jpg","contentUrl":"https:\/\/klaar.me\/wp-content\/uploads\/2020\/09\/db_5_b-e1743154091272.jpg","width":2560,"height":1200},{"@type":"BreadcrumbList","@id":"https:\/\/klaar.me\/en\/contact\/#breadcrumb","itemListElement":[{"@type":"ListItem","position":1,"name":"Avaleht","item":"https:\/\/klaar.me\/en\/"},{"@type":"ListItem","position":2,"name":"Contact"}]},{"@type":"WebSite","@id":"https:\/\/klaar.me\/#website","url":"https:\/\/klaar.me\/","name":"Klaar.me","description":"Klaar.me","publisher":{"@id":"https:\/\/klaar.me\/#organization"},"potentialAction":[{"@type":"SearchAction","target":{"@type":"EntryPoint","urlTemplate":"https:\/\/klaar.me\/?s={search_term_string}"},"query-input":{"@type":"PropertyValueSpecification","valueRequired":true,"valueName":"search_term_string"}}],"inLanguage":"en-US"},{"@type":"Organization","@id":"https:\/\/klaar.me\/#organization","name":"Klaar.me","url":"https:\/\/klaar.me\/","logo":{"@type":"ImageObject","inLanguage":"en-US","@id":"https:\/\/klaar.me\/#\/schema\/logo\/image\/","url":"https:\/\/www.klaar.me\/wp-content\/uploads\/2025\/07\/KLAAR-1.svg","contentUrl":"https:\/\/www.klaar.me\/wp-content\/uploads\/2025\/07\/KLAAR-1.svg","width":150,"height":42,"caption":"Klaar.me"},"image":{"@id":"https:\/\/klaar.me\/#\/schema\/logo\/image\/"},"sameAs":["https:\/\/www.facebook.com\/klaar.me","https:\/\/www.instagram.com\/klaar.me","https:\/\/www.linkedin.com\/company\/klaar-me\/"]}]}},"_links":{"self":[{"href":"https:\/\/klaar.me\/en\/wp-json\/wp\/v2\/pages\/357","targetHints":{"allow":["GET"]}}],"collection":[{"href":"https:\/\/klaar.me\/en\/wp-json\/wp\/v2\/pages"}],"about":[{"href":"https:\/\/klaar.me\/en\/wp-json\/wp\/v2\/types\/page"}],"author":[{"embeddable":true,"href":"https:\/\/klaar.me\/en\/wp-json\/wp\/v2\/users\/1"}],"replies":[{"embeddable":true,"href":"https:\/\/klaar.me\/en\/wp-json\/wp\/v2\/comments?post=357"}],"version-history":[{"count":5,"href":"https:\/\/klaar.me\/en\/wp-json\/wp\/v2\/pages\/357\/revisions"}],"predecessor-version":[{"id":11130,"href":"https:\/\/klaar.me\/en\/wp-json\/wp\/v2\/pages\/357\/revisions\/11130"}],"wp:featuredmedia":[{"embeddable":true,"href":"https:\/\/klaar.me\/en\/wp-json\/wp\/v2\/media\/1481"}],"wp:attachment":[{"href":"https:\/\/klaar.me\/en\/wp-json\/wp\/v2\/media?parent=357"}],"curies":[{"name":"wp","href":"https:\/\/api.w.org\/{rel}","templated":true}]}}