{"id":5015,"date":"2025-04-07T06:02:42","date_gmt":"2025-04-07T06:02:42","guid":{"rendered":"https:\/\/klaar.me\/?page_id=5015"},"modified":"2026-01-14T09:27:54","modified_gmt":"2026-01-14T09:27:54","slug":"clear-career","status":"publish","type":"page","link":"https:\/\/klaar.me\/en\/clear-career\/","title":{"rendered":"Clear career!"},"content":{"rendered":"","protected":false},"excerpt":{"rendered":"","protected":false},"author":2,"featured_media":1820,"parent":0,"menu_order":0,"comment_status":"closed","ping_status":"closed","template":"template-pagebuilder.php","meta":{"_acf_changed":false,"footnotes":""},"class_list":["post-5015","page","type-page","status-publish","has-post-thumbnail","hentry"],"acf":[],"yoast_head":"<!-- This site is optimized with the Yoast SEO plugin v27.5 - https:\/\/yoast.com\/product\/yoast-seo-wordpress\/ -->\n<title>Karj\u00e4\u00e4rileht - klaar.me<\/title>\n<meta name=\"description\" content=\"Ootame alati enda hulka helgeid p\u00e4id, kes jagavad meiega sarnaseid v\u00e4\u00e4rtuseid. Kui tunned, et sul on soovi ja tahet teha teisiti, armastad raamatupidamist ja sellega seonduvat, siis v\u00f5ta meiega julgelt \u00fchendust.\" \/>\n<meta name=\"robots\" content=\"index, follow, max-snippet:-1, max-image-preview:large, max-video-preview:-1\" \/>\n<link rel=\"canonical\" href=\"https:\/\/klaar.me\/karjaar-klaariks\/\" \/>\n<meta property=\"og:locale\" content=\"en_US\" \/>\n<meta property=\"og:type\" content=\"article\" \/>\n<meta property=\"og:title\" content=\"Karj\u00e4\u00e4rileht - klaar.me\" \/>\n<meta property=\"og:description\" content=\"Ootame alati enda hulka helgeid p\u00e4id, kes jagavad meiega sarnaseid v\u00e4\u00e4rtuseid. Kui tunned, et sul on soovi ja tahet teha teisiti, armastad raamatupidamist ja sellega seonduvat, siis v\u00f5ta meiega julgelt \u00fchendust.\" \/>\n<meta property=\"og:url\" content=\"https:\/\/klaar.me\/karjaar-klaariks\/\" \/>\n<meta property=\"og:site_name\" content=\"klaar.me\" \/>\n<meta property=\"article:publisher\" content=\"https:\/\/www.facebook.com\/klaar.me\" \/>\n<meta property=\"article:modified_time\" content=\"2026-01-14T09:27:54+00:00\" \/>\n<meta property=\"og:image\" content=\"https:\/\/klaar.me\/wp-content\/uploads\/2020\/11\/db_6.jpg\" \/>\n\t<meta property=\"og:image:width\" content=\"2560\" \/>\n\t<meta property=\"og:image:height\" content=\"1200\" \/>\n\t<meta property=\"og:image:type\" content=\"image\/jpeg\" \/>\n<meta name=\"twitter:card\" content=\"summary_large_image\" \/>\n<meta name=\"twitter:label1\" content=\"Est. reading time\" \/>\n\t<meta name=\"twitter:data1\" content=\"1 minute\" \/>\n<script type=\"application\/ld+json\" class=\"yoast-schema-graph\">{\"@context\":\"https:\\\/\\\/schema.org\",\"@graph\":[{\"@type\":\"WebPage\",\"@id\":\"https:\\\/\\\/klaar.me\\\/karjaar-klaariks\\\/\",\"url\":\"https:\\\/\\\/klaar.me\\\/karjaar-klaariks\\\/\",\"name\":\"Karj\u00e4\u00e4rileht - klaar.me\",\"isPartOf\":{\"@id\":\"https:\\\/\\\/klaar.me\\\/en\\\/#website\"},\"primaryImageOfPage\":{\"@id\":\"https:\\\/\\\/klaar.me\\\/karjaar-klaariks\\\/#primaryimage\"},\"image\":{\"@id\":\"https:\\\/\\\/klaar.me\\\/karjaar-klaariks\\\/#primaryimage\"},\"thumbnailUrl\":\"https:\\\/\\\/www.klaar.me\\\/wp-content\\\/uploads\\\/2020\\\/11\\\/db_6.jpg\",\"datePublished\":\"2025-04-07T06:02:42+00:00\",\"dateModified\":\"2026-01-14T09:27:54+00:00\",\"description\":\"Ootame alati enda hulka helgeid p\u00e4id, kes jagavad meiega sarnaseid v\u00e4\u00e4rtuseid. Kui tunned, et sul on soovi ja tahet teha teisiti, armastad raamatupidamist ja sellega seonduvat, siis v\u00f5ta meiega julgelt \u00fchendust.\",\"breadcrumb\":{\"@id\":\"https:\\\/\\\/klaar.me\\\/karjaar-klaariks\\\/#breadcrumb\"},\"inLanguage\":\"en-US\",\"potentialAction\":[{\"@type\":\"ReadAction\",\"target\":[\"https:\\\/\\\/klaar.me\\\/karjaar-klaariks\\\/\"]}]},{\"@type\":\"ImageObject\",\"inLanguage\":\"en-US\",\"@id\":\"https:\\\/\\\/klaar.me\\\/karjaar-klaariks\\\/#primaryimage\",\"url\":\"https:\\\/\\\/www.klaar.me\\\/wp-content\\\/uploads\\\/2020\\\/11\\\/db_6.jpg\",\"contentUrl\":\"https:\\\/\\\/www.klaar.me\\\/wp-content\\\/uploads\\\/2020\\\/11\\\/db_6.jpg\",\"width\":2560,\"height\":1200},{\"@type\":\"BreadcrumbList\",\"@id\":\"https:\\\/\\\/klaar.me\\\/karjaar-klaariks\\\/#breadcrumb\",\"itemListElement\":[{\"@type\":\"ListItem\",\"position\":1,\"name\":\"Avaleht\",\"item\":\"https:\\\/\\\/klaar.me\\\/en\\\/\"},{\"@type\":\"ListItem\",\"position\":2,\"name\":\"Clear career!\"}]},{\"@type\":\"WebSite\",\"@id\":\"https:\\\/\\\/klaar.me\\\/en\\\/#website\",\"url\":\"https:\\\/\\\/klaar.me\\\/en\\\/\",\"name\":\"Klaar.me\",\"description\":\"Klaar.me\",\"publisher\":{\"@id\":\"https:\\\/\\\/klaar.me\\\/en\\\/#organization\"},\"potentialAction\":[{\"@type\":\"SearchAction\",\"target\":{\"@type\":\"EntryPoint\",\"urlTemplate\":\"https:\\\/\\\/klaar.me\\\/en\\\/?s={search_term_string}\"},\"query-input\":{\"@type\":\"PropertyValueSpecification\",\"valueRequired\":true,\"valueName\":\"search_term_string\"}}],\"inLanguage\":\"en-US\"},{\"@type\":\"Organization\",\"@id\":\"https:\\\/\\\/klaar.me\\\/en\\\/#organization\",\"name\":\"Klaar.me\",\"url\":\"https:\\\/\\\/klaar.me\\\/en\\\/\",\"logo\":{\"@type\":\"ImageObject\",\"inLanguage\":\"en-US\",\"@id\":\"https:\\\/\\\/klaar.me\\\/en\\\/#\\\/schema\\\/logo\\\/image\\\/\",\"url\":\"https:\\\/\\\/www.klaar.me\\\/wp-content\\\/uploads\\\/2025\\\/07\\\/KLAAR-1.svg\",\"contentUrl\":\"https:\\\/\\\/www.klaar.me\\\/wp-content\\\/uploads\\\/2025\\\/07\\\/KLAAR-1.svg\",\"width\":150,\"height\":42,\"caption\":\"Klaar.me\"},\"image\":{\"@id\":\"https:\\\/\\\/klaar.me\\\/en\\\/#\\\/schema\\\/logo\\\/image\\\/\"},\"sameAs\":[\"https:\\\/\\\/www.facebook.com\\\/klaar.me\",\"https:\\\/\\\/www.instagram.com\\\/klaar.me\",\"https:\\\/\\\/www.linkedin.com\\\/company\\\/klaar-me\\\/\"]}]}<\/script>\n<!-- \/ Yoast SEO plugin. -->","yoast_head_json":{"title":"Karj\u00e4\u00e4rileht - klaar.me","description":"Ootame alati enda hulka helgeid p\u00e4id, kes jagavad meiega sarnaseid v\u00e4\u00e4rtuseid. Kui tunned, et sul on soovi ja tahet teha teisiti, armastad raamatupidamist ja sellega seonduvat, siis v\u00f5ta meiega julgelt \u00fchendust.","robots":{"index":"index","follow":"follow","max-snippet":"max-snippet:-1","max-image-preview":"max-image-preview:large","max-video-preview":"max-video-preview:-1"},"canonical":"https:\/\/klaar.me\/karjaar-klaariks\/","og_locale":"en_US","og_type":"article","og_title":"Karj\u00e4\u00e4rileht - klaar.me","og_description":"Ootame alati enda hulka helgeid p\u00e4id, kes jagavad meiega sarnaseid v\u00e4\u00e4rtuseid. Kui tunned, et sul on soovi ja tahet teha teisiti, armastad raamatupidamist ja sellega seonduvat, siis v\u00f5ta meiega julgelt \u00fchendust.","og_url":"https:\/\/klaar.me\/karjaar-klaariks\/","og_site_name":"klaar.me","article_publisher":"https:\/\/www.facebook.com\/klaar.me","article_modified_time":"2026-01-14T09:27:54+00:00","og_image":[{"width":2560,"height":1200,"url":"https:\/\/klaar.me\/wp-content\/uploads\/2020\/11\/db_6.jpg","type":"image\/jpeg"}],"twitter_card":"summary_large_image","twitter_misc":{"Est. reading time":"1 minute"},"schema":{"@context":"https:\/\/schema.org","@graph":[{"@type":"WebPage","@id":"https:\/\/klaar.me\/karjaar-klaariks\/","url":"https:\/\/klaar.me\/karjaar-klaariks\/","name":"Karj\u00e4\u00e4rileht - klaar.me","isPartOf":{"@id":"https:\/\/klaar.me\/en\/#website"},"primaryImageOfPage":{"@id":"https:\/\/klaar.me\/karjaar-klaariks\/#primaryimage"},"image":{"@id":"https:\/\/klaar.me\/karjaar-klaariks\/#primaryimage"},"thumbnailUrl":"https:\/\/www.klaar.me\/wp-content\/uploads\/2020\/11\/db_6.jpg","datePublished":"2025-04-07T06:02:42+00:00","dateModified":"2026-01-14T09:27:54+00:00","description":"Ootame alati enda hulka helgeid p\u00e4id, kes jagavad meiega sarnaseid v\u00e4\u00e4rtuseid. Kui tunned, et sul on soovi ja tahet teha teisiti, armastad raamatupidamist ja sellega seonduvat, siis v\u00f5ta meiega julgelt \u00fchendust.","breadcrumb":{"@id":"https:\/\/klaar.me\/karjaar-klaariks\/#breadcrumb"},"inLanguage":"en-US","potentialAction":[{"@type":"ReadAction","target":["https:\/\/klaar.me\/karjaar-klaariks\/"]}]},{"@type":"ImageObject","inLanguage":"en-US","@id":"https:\/\/klaar.me\/karjaar-klaariks\/#primaryimage","url":"https:\/\/www.klaar.me\/wp-content\/uploads\/2020\/11\/db_6.jpg","contentUrl":"https:\/\/www.klaar.me\/wp-content\/uploads\/2020\/11\/db_6.jpg","width":2560,"height":1200},{"@type":"BreadcrumbList","@id":"https:\/\/klaar.me\/karjaar-klaariks\/#breadcrumb","itemListElement":[{"@type":"ListItem","position":1,"name":"Avaleht","item":"https:\/\/klaar.me\/en\/"},{"@type":"ListItem","position":2,"name":"Clear career!"}]},{"@type":"WebSite","@id":"https:\/\/klaar.me\/en\/#website","url":"https:\/\/klaar.me\/en\/","name":"Klaar.me","description":"Klaar.me","publisher":{"@id":"https:\/\/klaar.me\/en\/#organization"},"potentialAction":[{"@type":"SearchAction","target":{"@type":"EntryPoint","urlTemplate":"https:\/\/klaar.me\/en\/?s={search_term_string}"},"query-input":{"@type":"PropertyValueSpecification","valueRequired":true,"valueName":"search_term_string"}}],"inLanguage":"en-US"},{"@type":"Organization","@id":"https:\/\/klaar.me\/en\/#organization","name":"Klaar.me","url":"https:\/\/klaar.me\/en\/","logo":{"@type":"ImageObject","inLanguage":"en-US","@id":"https:\/\/klaar.me\/en\/#\/schema\/logo\/image\/","url":"https:\/\/www.klaar.me\/wp-content\/uploads\/2025\/07\/KLAAR-1.svg","contentUrl":"https:\/\/www.klaar.me\/wp-content\/uploads\/2025\/07\/KLAAR-1.svg","width":150,"height":42,"caption":"Klaar.me"},"image":{"@id":"https:\/\/klaar.me\/en\/#\/schema\/logo\/image\/"},"sameAs":["https:\/\/www.facebook.com\/klaar.me","https:\/\/www.instagram.com\/klaar.me","https:\/\/www.linkedin.com\/company\/klaar-me\/"]}]}},"_links":{"self":[{"href":"https:\/\/klaar.me\/en\/wp-json\/wp\/v2\/pages\/5015","targetHints":{"allow":["GET"]}}],"collection":[{"href":"https:\/\/klaar.me\/en\/wp-json\/wp\/v2\/pages"}],"about":[{"href":"https:\/\/klaar.me\/en\/wp-json\/wp\/v2\/types\/page"}],"author":[{"embeddable":true,"href":"https:\/\/klaar.me\/en\/wp-json\/wp\/v2\/users\/2"}],"replies":[{"embeddable":true,"href":"https:\/\/klaar.me\/en\/wp-json\/wp\/v2\/comments?post=5015"}],"version-history":[{"count":5,"href":"https:\/\/klaar.me\/en\/wp-json\/wp\/v2\/pages\/5015\/revisions"}],"predecessor-version":[{"id":10611,"href":"https:\/\/klaar.me\/en\/wp-json\/wp\/v2\/pages\/5015\/revisions\/10611"}],"wp:featuredmedia":[{"embeddable":true,"href":"https:\/\/klaar.me\/en\/wp-json\/wp\/v2\/media\/1820"}],"wp:attachment":[{"href":"https:\/\/klaar.me\/en\/wp-json\/wp\/v2\/media?parent=5015"}],"curies":[{"name":"wp","href":"https:\/\/api.w.org\/{rel}","templated":true}]}}